{"id":11763,"date":"2020-11-29T20:56:50","date_gmt":"2020-11-29T19:56:50","guid":{"rendered":"https:\/\/domaine-lattard.com\/?post_type=product&#038;p=11763"},"modified":"2025-08-17T22:40:45","modified_gmt":"2025-08-17T20:40:45","slug":"magnum-gamay","status":"publish","type":"product","link":"https:\/\/domaine-lattard.com\/nl\/produit\/magnum-gamay\/","title":{"rendered":"Magnum Gamay"},"content":{"rendered":"<p>Nous vous proposons une service de vente en distance si vous ne trouvez pas un point de vente \u00e0 proximit\u00e9. Pour les bouteilles \u2018standards\u2019 de 75 cl nous demandons un minimum de commande de 12 bouteilles et un colisage de 6. Vous devez imp\u00e9rativement commander 12,18,24, \u2026 (multiple de 6) bouteilles. Vous avez le droit de panacher sans minimum par cuv\u00e9e.<\/p>\n<p>Les magnums se vendent et s\u2019exp\u00e9dient \u00e0 l\u2019unit\u00e9. Il n\u2019y a donc pas de minimum.<\/p>\n<p>Les prix affich\u00e9s sont des prix franco de port. Ces prix sont valables pour une exp\u00e9dition en France m\u00e9tropolitaine. Pour une autre destination, merci de nous demander un <a href=\"https:\/\/domaine-lattard.com\/demande-de-devis-vente-en-ligne\/\">devis sur mesure<\/a><\/p>\n","protected":false},"excerpt":{"rendered":"<p class=\"Standard\">Gamay vinifi\u00e9 en mac\u00e9ration carbonique (vendange enti\u00e8re non \u00e9grapp\u00e9e, non foul\u00e9e), qui donnera tout le fruit et la friandise de ce vin. La robe n\u2019est pas marqu\u00e9e par l\u2019intensit\u00e9 colorante, et le nez se r\u00e9v\u00e8le tr\u00e8s fruit\u00e9 (fruits rouges), sur des notes \u00e9pic\u00e9es. La bouche est pleine, tr\u00e8s \u00e9quilibr\u00e9e, et finit sur les \u00e9pices et le poivre. Peut parfois se garder plus de 5 ans.<\/p>\n<p>Vin naturel rouge, c\u00e9page Gamay, ann\u00e9e 2022, 150 cl. Tarif \u20ac29,00 franco de port pour la France m\u00e9tropolitaine. Pour une autre destination, merci de nous demander un devis sur mesure.<\/p>\n","protected":false},"featured_media":12945,"comment_status":"open","ping_status":"closed","template":"","meta":[],"product_brand":[],"product_cat":[48,46],"product_tag":[],"class_list":{"0":"post-11763","1":"product","2":"type-product","3":"status-publish","4":"has-post-thumbnail","6":"product_cat-magnum","7":"product_cat-vin-naturel-rouge","8":"pif-has-gallery","10":"first","11":"instock","12":"shipping-taxable","13":"purchasable","14":"product-type-simple"},"_links":{"self":[{"href":"https:\/\/domaine-lattard.com\/nl\/wp-json\/wp\/v2\/product\/11763","targetHints":{"allow":["GET"]}}],"collection":[{"href":"https:\/\/domaine-lattard.com\/nl\/wp-json\/wp\/v2\/product"}],"about":[{"href":"https:\/\/domaine-lattard.com\/nl\/wp-json\/wp\/v2\/types\/product"}],"replies":[{"embeddable":true,"href":"https:\/\/domaine-lattard.com\/nl\/wp-json\/wp\/v2\/comments?post=11763"}],"wp:featuredmedia":[{"embeddable":true,"href":"https:\/\/domaine-lattard.com\/nl\/wp-json\/wp\/v2\/media\/12945"}],"wp:attachment":[{"href":"https:\/\/domaine-lattard.com\/nl\/wp-json\/wp\/v2\/media?parent=11763"}],"wp:term":[{"taxonomy":"product_brand","embeddable":true,"href":"https:\/\/domaine-lattard.com\/nl\/wp-json\/wp\/v2\/product_brand?post=11763"},{"taxonomy":"product_cat","embeddable":true,"href":"https:\/\/domaine-lattard.com\/nl\/wp-json\/wp\/v2\/product_cat?post=11763"},{"taxonomy":"product_tag","embeddable":true,"href":"https:\/\/domaine-lattard.com\/nl\/wp-json\/wp\/v2\/product_tag?post=11763"}],"curies":[{"name":"wp","href":"https:\/\/api.w.org\/{rel}","templated":true}]}}