{"id":11762,"date":"2020-11-29T20:53:19","date_gmt":"2020-11-29T19:53:19","guid":{"rendered":"https:\/\/domaine-lattard.com\/?post_type=product&#038;p=11762"},"modified":"2025-08-17T22:40:08","modified_gmt":"2025-08-17T20:40:08","slug":"magnum-syrah","status":"publish","type":"product","link":"https:\/\/domaine-lattard.com\/en\/produit\/magnum-syrah\/","title":{"rendered":"Magnum Syrah"},"content":{"rendered":"<p>Nous vous proposons une service de vente en distance si vous ne trouvez pas un point de vente \u00e0 proximit\u00e9. Pour les bouteilles \u2018standards\u2019 de 75 cl nous demandons un minimum de commande de 12 bouteilles et un colisage de 6. Vous devez imp\u00e9rativement commander 12,18,24, \u2026 (multiple de 6) bouteilles. Vous avez le droit de panacher sans minimum par cuv\u00e9e.<\/p>\n<p>Les magnums se vendent et s\u2019exp\u00e9dient \u00e0 l\u2019unit\u00e9. Il n\u2019y a donc pas de minimum.<\/p>\n<p>Les prix affich\u00e9s sont des prix franco de port. Ces prix sont valables pour une exp\u00e9dition en France m\u00e9tropolitaine. Pour une autre destination, merci de nous demander un <a href=\"https:\/\/domaine-lattard.com\/demande-de-devis-vente-en-ligne\/\">devis sur mesure<\/a>.<\/p>\n<p>&nbsp;<\/p>\n","protected":false},"excerpt":{"rendered":"<p>Issue de vendange \u00e9grapp\u00e9e, vinifi\u00e9e en cuvaison longue (de 15 \u00e0 25 jours selon les mill\u00e9simes). L&#8217;\u00e9levage est r\u00e9alis\u00e9 en cuve inox, afin de garder tout le caract\u00e8re fruit\u00e9 de la vinification naturelle sans intrants. La robe est tr\u00e8s sombre, puis on d\u00e9couvre au nez des ar\u00f4mes de fruits noirs (m\u00fbre, cassis, \u2026) pour les vins jeunes, et la r\u00e9glisse, typique de la syrah. Ces ar\u00f4mes tirent sur l&#8217;olive noire, le cuir au fur et \u00e0 mesure du vieillissement. La bouche r\u00e9v\u00e8le une belle fraicheur, propice au vieillissement de longues ann\u00e9es.<\/p>\n<p>Vin naturel rouge, c\u00e9page Syrah, ann\u00e9e 2022, 150 cl. Tarif \u20ac29,00 franco de port pour la France m\u00e9tropolitaine. Pour une autre destination, merci de nous demander un devis sur mesure.<\/p>\n","protected":false},"featured_media":12942,"comment_status":"open","ping_status":"closed","template":"","meta":[],"product_brand":[],"product_cat":[48,46],"product_tag":[],"class_list":{"0":"post-11762","1":"product","2":"type-product","3":"status-publish","4":"has-post-thumbnail","6":"product_cat-magnum","7":"product_cat-vin-naturel-rouge","9":"first","10":"instock","11":"shipping-taxable","12":"purchasable","13":"product-type-simple"},"_links":{"self":[{"href":"https:\/\/domaine-lattard.com\/en\/wp-json\/wp\/v2\/product\/11762","targetHints":{"allow":["GET"]}}],"collection":[{"href":"https:\/\/domaine-lattard.com\/en\/wp-json\/wp\/v2\/product"}],"about":[{"href":"https:\/\/domaine-lattard.com\/en\/wp-json\/wp\/v2\/types\/product"}],"replies":[{"embeddable":true,"href":"https:\/\/domaine-lattard.com\/en\/wp-json\/wp\/v2\/comments?post=11762"}],"wp:featuredmedia":[{"embeddable":true,"href":"https:\/\/domaine-lattard.com\/en\/wp-json\/wp\/v2\/media\/12942"}],"wp:attachment":[{"href":"https:\/\/domaine-lattard.com\/en\/wp-json\/wp\/v2\/media?parent=11762"}],"wp:term":[{"taxonomy":"product_brand","embeddable":true,"href":"https:\/\/domaine-lattard.com\/en\/wp-json\/wp\/v2\/product_brand?post=11762"},{"taxonomy":"product_cat","embeddable":true,"href":"https:\/\/domaine-lattard.com\/en\/wp-json\/wp\/v2\/product_cat?post=11762"},{"taxonomy":"product_tag","embeddable":true,"href":"https:\/\/domaine-lattard.com\/en\/wp-json\/wp\/v2\/product_tag?post=11762"}],"curies":[{"name":"wp","href":"https:\/\/api.w.org\/{rel}","templated":true}]}}