{"id":11761,"date":"2020-11-29T20:36:51","date_gmt":"2020-11-29T19:36:51","guid":{"rendered":"https:\/\/domaine-lattard.com\/?post_type=product&#038;p=11761"},"modified":"2025-08-17T22:41:51","modified_gmt":"2025-08-17T20:41:51","slug":"rose","status":"publish","type":"product","link":"https:\/\/domaine-lattard.com\/en\/produit\/rose\/","title":{"rendered":"Ros\u00e9"},"content":{"rendered":"<p>Nous vous proposons une service de vente en distance si vous ne trouvez pas un point de vente \u00e0 proximit\u00e9. Pour les bouteilles \u2018standards\u2019 de 75 cl nous demandons un minimum de commande de 12 bouteilles et un colisage de 6. Vous devez imp\u00e9rativement commander 12,18,24, \u2026 (multiple de 6) bouteilles. Vous avez le droit de panacher sans minimum par cuv\u00e9e.<\/p>\n<p>Les magnums se vendent et s\u2019exp\u00e9dient \u00e0 l\u2019unit\u00e9. Il n\u2019y a donc pas de minimum.<\/p>\n<p>Les prix affich\u00e9s sont des prix franco de port. Ces prix sont valables pour une exp\u00e9dition en France m\u00e9tropolitaine. Pour une autre destination, merci de nous demander un <a href=\"https:\/\/domaine-lattard.com\/demande-de-devis-vente-en-ligne\/\">devis sur mesure.<\/a><\/p>\n","protected":false},"excerpt":{"rendered":"<p class=\"Standard\">ros\u00e9 de presse, issu de syrah \u00e0 100 %. Robe soutenue, puis des ar\u00f4mes de fraises des bois, de fruits rouges viendront vous chatouiller les narines ! Belle fra\u00eecheur en bouche.<\/p>\n<p>Vin naturel ros\u00e9, c\u00e9page Syrah, ann\u00e9e 2023, 75 cl. Tarif \u20ac15,00 franco de port pour la France m\u00e9tropolitaine. Pour une autre destination, merci de nous demander un devis sur mesure.<\/p>\n","protected":false},"featured_media":12930,"comment_status":"open","ping_status":"closed","template":"","meta":[],"product_brand":[],"product_cat":[45],"product_tag":[],"class_list":{"0":"post-11761","1":"product","2":"type-product","3":"status-publish","4":"has-post-thumbnail","6":"product_cat-vin-naturel-rose","8":"first","9":"onbackorder","10":"shipping-taxable","11":"purchasable","12":"product-type-simple"},"_links":{"self":[{"href":"https:\/\/domaine-lattard.com\/en\/wp-json\/wp\/v2\/product\/11761","targetHints":{"allow":["GET"]}}],"collection":[{"href":"https:\/\/domaine-lattard.com\/en\/wp-json\/wp\/v2\/product"}],"about":[{"href":"https:\/\/domaine-lattard.com\/en\/wp-json\/wp\/v2\/types\/product"}],"replies":[{"embeddable":true,"href":"https:\/\/domaine-lattard.com\/en\/wp-json\/wp\/v2\/comments?post=11761"}],"wp:featuredmedia":[{"embeddable":true,"href":"https:\/\/domaine-lattard.com\/en\/wp-json\/wp\/v2\/media\/12930"}],"wp:attachment":[{"href":"https:\/\/domaine-lattard.com\/en\/wp-json\/wp\/v2\/media?parent=11761"}],"wp:term":[{"taxonomy":"product_brand","embeddable":true,"href":"https:\/\/domaine-lattard.com\/en\/wp-json\/wp\/v2\/product_brand?post=11761"},{"taxonomy":"product_cat","embeddable":true,"href":"https:\/\/domaine-lattard.com\/en\/wp-json\/wp\/v2\/product_cat?post=11761"},{"taxonomy":"product_tag","embeddable":true,"href":"https:\/\/domaine-lattard.com\/en\/wp-json\/wp\/v2\/product_tag?post=11761"}],"curies":[{"name":"wp","href":"https:\/\/api.w.org\/{rel}","templated":true}]}}