{"id":11518,"date":"2020-11-20T14:40:57","date_gmt":"2020-11-20T13:40:57","guid":{"rendered":"https:\/\/domaine-lattard.com\/?post_type=product&#038;p=11518"},"modified":"2025-08-17T22:42:20","modified_gmt":"2025-08-17T20:42:20","slug":"viognier","status":"publish","type":"product","link":"https:\/\/domaine-lattard.com\/en\/produit\/viognier\/","title":{"rendered":"Viognier"},"content":{"rendered":"<p>Nous vous proposons une service de vente en distance si vous ne trouvez pas un point de vente \u00e0 proximit\u00e9. Pour les bouteilles \u2018standards\u2019 de 75 cl nous demandons un minimum de commande de 12 bouteilles et un colisage de 6. Vous devez imp\u00e9rativement commander 12,18,24, \u2026 (multiple de 6) bouteilles. Vous avez le droit de panacher sans minimum par cuv\u00e9e.<\/p>\n<p>Les magnums se vendent et s\u2019exp\u00e9dient \u00e0 l\u2019unit\u00e9. Il n\u2019y a donc pas de minimum.<\/p>\n<p>Les prix affich\u00e9s sont des prix franco de port. Ces prix sont valables pour une exp\u00e9dition en France m\u00e9tropolitaine. Pour une autre destination, merci de nous demander un <a href=\"https:\/\/domaine-lattard.com\/demande-de-devis-vente-en-ligne\/\">devis sur mesure<\/a>.<\/p>\n","protected":false},"excerpt":{"rendered":"<p class=\"Standard\">La fermentation est exclusivement en f\u00fbt de ch\u00eane, neufs ou r\u00e9cents (moins de 3 vins). L&#8217;\u00e9levage est de 10 \u00e0 11 mois sur lies, apportant beaucoup de finesse. Ce vin d\u00e9voile au nez des ar\u00f4mes de fruits blancs (poires, p\u00eache blanche, &#8230;), subtilement m\u00eal\u00e9s aux amandes grill\u00e9es de la barrique, et aux notes menthol\u00e9es. La bouche est longue, sans acidit\u00e9. A boire dans les 3 ans en g\u00e9n\u00e9ral.<\/p>\n<p>Vin naturel blanc, c\u00e9page Viognier, ann\u00e9e 2022, 75 cl. Tarif \u20ac16,50 franco de port pour la France m\u00e9tropolitaine. Pour une autre destination, merci de nous demander un devis sur mesure.<\/p>\n","protected":false},"featured_media":12933,"comment_status":"open","ping_status":"closed","template":"","meta":[],"product_brand":[],"product_cat":[50],"product_tag":[],"class_list":{"0":"post-11518","1":"product","2":"type-product","3":"status-publish","4":"has-post-thumbnail","6":"product_cat-vin-naturel-blanc","8":"first","9":"instock","10":"shipping-taxable","11":"purchasable","12":"product-type-simple"},"_links":{"self":[{"href":"https:\/\/domaine-lattard.com\/en\/wp-json\/wp\/v2\/product\/11518","targetHints":{"allow":["GET"]}}],"collection":[{"href":"https:\/\/domaine-lattard.com\/en\/wp-json\/wp\/v2\/product"}],"about":[{"href":"https:\/\/domaine-lattard.com\/en\/wp-json\/wp\/v2\/types\/product"}],"replies":[{"embeddable":true,"href":"https:\/\/domaine-lattard.com\/en\/wp-json\/wp\/v2\/comments?post=11518"}],"wp:featuredmedia":[{"embeddable":true,"href":"https:\/\/domaine-lattard.com\/en\/wp-json\/wp\/v2\/media\/12933"}],"wp:attachment":[{"href":"https:\/\/domaine-lattard.com\/en\/wp-json\/wp\/v2\/media?parent=11518"}],"wp:term":[{"taxonomy":"product_brand","embeddable":true,"href":"https:\/\/domaine-lattard.com\/en\/wp-json\/wp\/v2\/product_brand?post=11518"},{"taxonomy":"product_cat","embeddable":true,"href":"https:\/\/domaine-lattard.com\/en\/wp-json\/wp\/v2\/product_cat?post=11518"},{"taxonomy":"product_tag","embeddable":true,"href":"https:\/\/domaine-lattard.com\/en\/wp-json\/wp\/v2\/product_tag?post=11518"}],"curies":[{"name":"wp","href":"https:\/\/api.w.org\/{rel}","templated":true}]}}